{"id":4618,"date":"2022-05-02T14:06:08","date_gmt":"2022-05-02T11:06:08","guid":{"rendered":"https:\/\/loupedeck.com\/de\/?page_id=4618"},"modified":"2024-04-17T12:37:10","modified_gmt":"2024-04-17T09:37:10","slug":"loupedeck-marketplace","status":"publish","type":"page","link":"https:\/\/loupedeck.com\/de\/loupedeck-marketplace\/","title":{"rendered":"Loupedeck Marketplace"},"content":{"rendered":"<div class=\"block custom-block bg-black block-hero\">\n    <div class=\"container\">\n                <div class=\"row title-row\">\n            <div class=\"col title-col\">\n                                <h1 class=\"block-title\">Loupedeck Marketplace<\/h1>\n                                <h2 class=\"block-subtitle h4\">Die Content-Bibliothek f\u00fcr deine Konsole<\/h2>\n                            <\/div>\n        <\/div>\n                <div class=\"media-row\">\n            <div class=\"media-wrap\">\n                <img fetchpriority=\"high\" decoding=\"async\" src=\"https:\/\/loupedeck.com\/de\/wp-content\/uploads\/sites\/18\/2022\/05\/MicrosoftTeams-image-1520x855.jpg\" width=\"1520\" height=\"855\" class=\"no-lazy\" loading=\"eager\" alt=\"\">            <\/div>\n        <\/div>\n                <div class=\"row content-row\">\n            <div class=\"col-12 offset-lg-5 col-lg-6 content-col entry-content\">\n                                <p class=\"is-style-ingress\">Hol&#8216; mehr aus deinem Loupedeck raus: <\/p>\n                                <p>Erhalten Sie Zugriff auf den brandneuen Loupedeck-Marktplatz mit \u00fcber 250+ herunterladbaren Profilen, Plugins und Artikelpaketen.<\/p>\n                                <div class=\"buttons\">\n                                                        <a rel=\"noopener\" class=\"button\" href=\"https:\/\/marketplace.loupedeck.com\/\" target=\"_blank\">Jetzt Erforschen<\/a>\n                                                    <\/div>\n                            <\/div>\n        <\/div>\n            <\/div>\n<\/div>\n\n<div class=\"block custom-block bg-white block-icon-list\">\n    <div class=\"container\">\n                <div class=\"row title-row\">\n            <div class=\"col title-col\">\n                <h2>Neue Profile &amp; Plugins<\/h2>\n            <\/div>\n        <\/div>\n                <div class=\"row justify-content-center content-row icons-row\">\n            <div class=\"col-12 col-md-10 icons-wrap\">\n                <div class=\"row\">\n                                            <div class=\"col-12 col-md-6 col-lg-4 icon-col\">\n                            <div class=\"col-wrap\">\n                                                                <div class=\"col-icon\">\n                                    <img decoding=\"async\" src=\"https:\/\/loupedeck.com\/de\/wp-content\/uploads\/sites\/18\/2022\/05\/SWicon_AffinityPhoto.png\" width=\"256\" height=\"256\" alt=\"\">                                <\/div>\n                                                                <div class=\"col-content entry-content\">\n                                <h3 class=\"h5\">Affinity Photo<\/h3><p style=\"text-align: center;\">Mit dem Affinity Photo-Profil bearbeitest du Bilder dank 19 Funktionen f\u00fcr Drehregler und mehr als 80 Button-Aktionen einfach und schnell.<\/p>\n<p>&nbsp;<\/p>\n                                <\/div>\n                                                            <\/div>\n                        <\/div>\n                                            <div class=\"col-12 col-md-6 col-lg-4 icon-col\">\n                            <div class=\"col-wrap\">\n                                                                <div class=\"col-icon\">\n                                    <img decoding=\"async\" src=\"https:\/\/loupedeck.com\/de\/wp-content\/uploads\/sites\/18\/2022\/05\/SWicon_Blender.png\" width=\"150\" height=\"150\" alt=\"\">                                <\/div>\n                                                                <div class=\"col-content entry-content\">\n                                <h3 class=\"h5\">Blender<\/h3><p style=\"text-align: center;\">Optimiere deinen 3D-Workflow mit einem einfach bedienbaren Blender-Profil f\u00fcr Loupedeck. Perfekt f\u00fcr Anf\u00e4nger bis Profis.<\/p>\n                                <\/div>\n                                                            <\/div>\n                        <\/div>\n                                            <div class=\"col-12 col-md-6 col-lg-4 icon-col\">\n                            <div class=\"col-wrap\">\n                                                                <div class=\"col-icon\">\n                                    <img decoding=\"async\" src=\"https:\/\/loupedeck.com\/de\/wp-content\/uploads\/sites\/18\/2022\/05\/davinci_resolve_macos_bigsur_icon_190261.png\" width=\"512\" height=\"512\" alt=\"\">                                <\/div>\n                                                                <div class=\"col-content entry-content\">\n                                <h3 class=\"h5\">DaVinci Resolve<\/h3><p style=\"text-align: center;\">Das DaVinci Resolve-Profil gibt Zugriff auf die wichtigsten Bearbeitungstools, wie Audio- und Fusion-Funktionen.<\/p>\n<p>&nbsp;<\/p>\n                                <\/div>\n                                                            <\/div>\n                        <\/div>\n                                            <div class=\"col-12 col-md-6 col-lg-4 icon-col\">\n                            <div class=\"col-wrap\">\n                                                                <div class=\"col-icon\">\n                                    <img decoding=\"async\" src=\"https:\/\/loupedeck.com\/de\/wp-content\/uploads\/sites\/18\/2022\/05\/SWicon_Figma.png\" width=\"256\" height=\"256\" alt=\"\">                                <\/div>\n                                                                <div class=\"col-content entry-content\">\n                                <h3 class=\"h5\">Figma<\/h3><p style=\"text-align: center;\">Ideen sammeln, Skizzen entwerfen, Prototypen verwalten: Ganz einfach mit dem Figma-Profil f\u00fcr Loupedeck.<\/p>\n                                <\/div>\n                                                            <\/div>\n                        <\/div>\n                                            <div class=\"col-12 col-md-6 col-lg-4 icon-col\">\n                            <div class=\"col-wrap\">\n                                                                <div class=\"col-icon\">\n                                    <img decoding=\"async\" src=\"https:\/\/loupedeck.com\/de\/wp-content\/uploads\/sites\/18\/2022\/05\/logic_pro_x_macos_bigsur_icon_190024-1.png\" width=\"512\" height=\"512\" alt=\"\">                                <\/div>\n                                                                <div class=\"col-content entry-content\">\n                                <h3 class=\"h5\">Logic Pro<\/h3><p style=\"text-align: center;\">Audio bearbeiten ganz intuitiv: Mit dem Logic-Profil f\u00fcr Loupedeck-Konsolen.<\/p>\n<p>&nbsp;<\/p>\n                                <\/div>\n                                                            <\/div>\n                        <\/div>\n                                            <div class=\"col-12 col-md-6 col-lg-4 icon-col\">\n                            <div class=\"col-wrap\">\n                                                                <div class=\"col-icon\">\n                                    <img decoding=\"async\" src=\"https:\/\/loupedeck.com\/de\/wp-content\/uploads\/sites\/18\/2022\/05\/notion-app-logo.png\" width=\"288\" height=\"300\" alt=\"\">                                <\/div>\n                                                                <div class=\"col-content entry-content\">\n                                <h3 class=\"h5\">Notion<\/h3><p style=\"text-align: center;\">Verwalte deine Teams, Projekte und Dokumente und arbeite produktiver mit dem Notion-Profil.<\/p>\n                                <\/div>\n                                                            <\/div>\n                        <\/div>\n                                            <div class=\"col-12 col-md-6 col-lg-4 icon-col\">\n                            <div class=\"col-wrap\">\n                                                                <div class=\"col-icon\">\n                                    <img decoding=\"async\" src=\"https:\/\/loupedeck.com\/de\/wp-content\/uploads\/sites\/18\/2022\/05\/SWicon_Vegas.png\" width=\"250\" height=\"250\" alt=\"\">                                <\/div>\n                                                                <div class=\"col-content entry-content\">\n                                <h3 class=\"h5\">Vegas Pro<\/h3><p style=\"text-align: center;\">Das Vegas Pro-Profil l\u00e4sst dich einfach navigieren, in die Zeitleiste zoomen und grundlegende Bearbeitungsschritte schneller ausf\u00fchren.<\/p>\n                                <\/div>\n                                                            <\/div>\n                        <\/div>\n                                            <div class=\"col-12 col-md-6 col-lg-4 icon-col\">\n                            <div class=\"col-wrap\">\n                                                                <div class=\"col-icon\">\n                                    <img decoding=\"async\" src=\"https:\/\/loupedeck.com\/de\/wp-content\/uploads\/sites\/18\/2022\/05\/Voicemod_Logo_256x256-1.png\" width=\"256\" height=\"256\" alt=\"\">                                <\/div>\n                                                                <div class=\"col-content entry-content\">\n                                <h3 class=\"h5\">Voicemod<\/h3><p style=\"text-align: center;\">Erstelle eigene Soundeffekte und ver\u00e4ndere deine Stimme in Echtzeit mit dem Voicemod-Plugin.<\/p>\n                                <\/div>\n                                                            <\/div>\n                        <\/div>\n                                            <div class=\"col-12 col-md-6 col-lg-4 icon-col\">\n                            <div class=\"col-wrap\">\n                                                                <div class=\"col-icon\">\n                                    <img decoding=\"async\" src=\"https:\/\/loupedeck.com\/de\/wp-content\/uploads\/sites\/18\/2022\/05\/SWicon_YouTube.png\" width=\"256\" height=\"256\" alt=\"\">                                <\/div>\n                                                                <div class=\"col-content entry-content\">\n                                <h3 class=\"h5\">Youtube Music Desktop<\/h3><p style=\"text-align: center;\">Steuere Youtube ganz einfach \u00fcber dein Loupedeck mit unserem neuen Youtube Music Desktop-Plugin.<\/p>\n                                <\/div>\n                                                            <\/div>\n                        <\/div>\n                                    <\/div>\n            <\/div>\n        <\/div>\n            <\/div>\n<\/div>\n\n\n<div id=\"ibc-69ece59bdfe6f\" class=\"block custom-block bg-white block-image-beside-content image-on-right\">\n    <div class=\"container\">\n        <div class=\"row align-items-center justify-content-between\">\n           \n            <div class=\"col-lg-6 img-col order-1 order-lg-3\">\n                <div class=\"img-wrap\">\n                    <img decoding=\"async\" src=\"https:\/\/loupedeck.com\/de\/wp-content\/uploads\/sites\/18\/2022\/05\/Marketplace-3-728x728.jpeg\" width=\"728\" height=\"728\" alt=\"\">                <\/div>\n            <\/div>\n            \n            <div class=\"col-lg-6 col-xl-5 text-col order-2\">\n                <div class=\"text-wrap\">\n                    <h2>Mach&#8216; es zu DEINEM Loupedeck<\/h2><p>Buttons im Comic-Look? Cockpit-artige Schaltfl\u00e4chen f\u00fcr den Flugsimulator? Ein minimalistisches Aussehen? Du hast die Wahl. St\u00f6bere durch die gro\u00dfe Auswahl wundersch\u00f6ner Icons f\u00fcr die Bild- und Videobearbeitung, f\u00fcrs Streaming, f\u00fcrs Grafikdesign, den Audioschnitt und vielem mehr.<\/p>\n                <\/div>\n            <\/div>\n            \n        <\/div>\n    <\/div>\n<\/div>\n\n\n\n<div id=\"ibc-69ece59be0c4b\" class=\"block custom-block bg-white block-image-beside-content image-on-left\">\n    <div class=\"container\">\n        <div class=\"row align-items-center justify-content-between\">\n           \n            <div class=\"col-lg-6 img-col order-1\">\n                <div class=\"img-wrap\">\n                    <img decoding=\"async\" src=\"https:\/\/loupedeck.com\/de\/wp-content\/uploads\/sites\/18\/2022\/05\/Marketplace-4-728x728.jpg\" width=\"728\" height=\"728\" alt=\"\">                <\/div>\n            <\/div>\n            \n            <div class=\"col-lg-6 col-xl-5 text-col order-2\">\n                <div class=\"text-wrap\">\n                    <h2>Bleibe auf dem Laufenden<\/h2><p>Mit dem Loupedeck Assets Manager beh\u00e4ltst du deine Plugins im Blick. Er zeigt dir \u00fcbersichtlich, welche Plugins du besitzt und ob sie aktuell sind. Update verf\u00fcgbar? Ein Klick und du bist wieder up-to-date.<\/p>\n                <\/div>\n            <\/div>\n            \n        <\/div>\n    <\/div>\n<\/div>\n\n\n\n<div id=\"ibc-69ece59be14e6\" class=\"block custom-block bg-white block-image-beside-content image-on-right\">\n    <div class=\"container\">\n        <div class=\"row align-items-center justify-content-between\">\n           \n            <div class=\"col-lg-6 img-col order-1 order-lg-3\">\n                <div class=\"img-wrap\">\n                    <img decoding=\"async\" src=\"https:\/\/loupedeck.com\/de\/wp-content\/uploads\/sites\/18\/2022\/05\/Marketplace-1-728x728.jpg\" width=\"728\" height=\"728\" alt=\"\">                <\/div>\n            <\/div>\n            \n            <div class=\"col-lg-6 col-xl-5 text-col order-2\">\n                <div class=\"text-wrap\">\n                    <h2>Du willst mehr? Wir fangen gerade erst an.<\/h2><p>In den n\u00e4chsten Monaten erweitern wir den Marketplace um neue Profile und Plugins, um Sounds und Grafiken und eine intuitive Suchfunktion. Unser Ziel: Die beste, gr\u00f6\u00dfte und sch\u00f6nste Content-Bibliothek f\u00fcr dich zu erschaffen.<\/p>\n                <\/div>\n            <\/div>\n            \n        <\/div>\n    <\/div>\n<\/div>\n\n\n\n<div class=\"block custom-block block-content-lift bg-grey h-level-2 \">\n    <div class=\"container\">\n        <div class=\"row justify-content-center content-row\">\n            <div class=\"col-12 col-md-10 content-col entry-content\">\n                                    <h2>Besuche den Loupedeck Marketplace<\/h2>\n                                    <p class=\"is-style-ingress\">Lade die Loupedeck Software herunter und st\u00f6bere in \u00fcber 250+ neuen Profilen, Plugins und Icon-Paketen. <\/p>\n                                    <a href=\"https:\/\/loupedeck.com\/de\/get-started\/\"  rel=\"noopener\" class=\"button\">Jetzt loslegen<\/a>\n                            <\/div>\n        <\/div>\n    <\/div>\n<\/div>\n","protected":false},"excerpt":{"rendered":"","protected":false},"author":3,"featured_media":4612,"parent":0,"menu_order":0,"comment_status":"closed","ping_status":"closed","template":"","meta":{"_acf_changed":false,"footnotes":""},"class_list":["post-4618","page","type-page","status-publish","has-post-thumbnail","hentry"],"acf":[],"yoast_head":"<!-- This site is optimized with the Yoast SEO plugin v27.4 - https:\/\/yoast.com\/product\/yoast-seo-wordpress\/ -->\n<title>Loupedeck Marketplace - Loupedeck DE<\/title>\n<meta name=\"description\" content=\"Loupedeck Marketplace: Download Loupedeck Software now and gain access to the marketplace with more than 250+ new tools and content.\" \/>\n<meta name=\"robots\" content=\"index, follow, max-snippet:-1, max-image-preview:large, max-video-preview:-1\" \/>\n<link rel=\"canonical\" href=\"https:\/\/loupedeck.com\/de\/loupedeck-marketplace\/\" \/>\n<meta property=\"og:locale\" content=\"de_DE\" \/>\n<meta property=\"og:type\" content=\"article\" \/>\n<meta property=\"og:title\" content=\"Loupedeck Marketplace - Loupedeck DE\" \/>\n<meta property=\"og:description\" content=\"Loupedeck Marketplace: Download Loupedeck Software now and gain access to the marketplace with more than 250+ new tools and content.\" \/>\n<meta property=\"og:url\" content=\"https:\/\/loupedeck.com\/de\/loupedeck-marketplace\/\" \/>\n<meta property=\"og:site_name\" content=\"Loupedeck DE\" \/>\n<meta property=\"article:modified_time\" content=\"2024-04-17T09:37:10+00:00\" \/>\n<meta property=\"og:image\" content=\"https:\/\/loupedeck.com\/de\/wp-content\/uploads\/sites\/18\/2022\/04\/Loupedeck-marketplace.png\" \/>\n\t<meta property=\"og:image:width\" content=\"600\" \/>\n\t<meta property=\"og:image:height\" content=\"338\" \/>\n\t<meta property=\"og:image:type\" content=\"image\/png\" \/>\n<meta name=\"twitter:card\" content=\"summary_large_image\" \/>\n<meta name=\"twitter:label1\" content=\"Gesch\u00e4tzte Lesezeit\" \/>\n\t<meta name=\"twitter:data1\" content=\"5\u00a0Minuten\" \/>\n<script type=\"application\/ld+json\" class=\"yoast-schema-graph\">{\"@context\":\"https:\\\/\\\/schema.org\",\"@graph\":[{\"@type\":\"WebPage\",\"@id\":\"https:\\\/\\\/loupedeck.com\\\/de\\\/loupedeck-marketplace\\\/\",\"url\":\"https:\\\/\\\/loupedeck.com\\\/de\\\/loupedeck-marketplace\\\/\",\"name\":\"Loupedeck Marketplace - Loupedeck DE\",\"isPartOf\":{\"@id\":\"https:\\\/\\\/loupedeck.com\\\/de\\\/#website\"},\"primaryImageOfPage\":{\"@id\":\"https:\\\/\\\/loupedeck.com\\\/de\\\/loupedeck-marketplace\\\/#primaryimage\"},\"image\":{\"@id\":\"https:\\\/\\\/loupedeck.com\\\/de\\\/loupedeck-marketplace\\\/#primaryimage\"},\"thumbnailUrl\":\"https:\\\/\\\/loupedeck.com\\\/de\\\/wp-content\\\/uploads\\\/sites\\\/18\\\/2022\\\/04\\\/Loupedeck-marketplace.png\",\"datePublished\":\"2022-05-02T11:06:08+00:00\",\"dateModified\":\"2024-04-17T09:37:10+00:00\",\"description\":\"Loupedeck Marketplace: Download Loupedeck Software now and gain access to the marketplace with more than 250+ new tools and content.\",\"breadcrumb\":{\"@id\":\"https:\\\/\\\/loupedeck.com\\\/de\\\/loupedeck-marketplace\\\/#breadcrumb\"},\"inLanguage\":\"de\",\"potentialAction\":[{\"@type\":\"ReadAction\",\"target\":[\"https:\\\/\\\/loupedeck.com\\\/de\\\/loupedeck-marketplace\\\/\"]}]},{\"@type\":\"ImageObject\",\"inLanguage\":\"de\",\"@id\":\"https:\\\/\\\/loupedeck.com\\\/de\\\/loupedeck-marketplace\\\/#primaryimage\",\"url\":\"https:\\\/\\\/loupedeck.com\\\/de\\\/wp-content\\\/uploads\\\/sites\\\/18\\\/2022\\\/04\\\/Loupedeck-marketplace.png\",\"contentUrl\":\"https:\\\/\\\/loupedeck.com\\\/de\\\/wp-content\\\/uploads\\\/sites\\\/18\\\/2022\\\/04\\\/Loupedeck-marketplace.png\",\"width\":600,\"height\":338},{\"@type\":\"BreadcrumbList\",\"@id\":\"https:\\\/\\\/loupedeck.com\\\/de\\\/loupedeck-marketplace\\\/#breadcrumb\",\"itemListElement\":[{\"@type\":\"ListItem\",\"position\":1,\"name\":\"Etusivu\",\"item\":\"https:\\\/\\\/loupedeck.com\\\/de\\\/\"},{\"@type\":\"ListItem\",\"position\":2,\"name\":\"Loupedeck Marketplace\"}]},{\"@type\":\"WebSite\",\"@id\":\"https:\\\/\\\/loupedeck.com\\\/de\\\/#website\",\"url\":\"https:\\\/\\\/loupedeck.com\\\/de\\\/\",\"name\":\"Loupedeck DE\",\"description\":\"Loupedeck Online Store\",\"publisher\":{\"@id\":\"https:\\\/\\\/loupedeck.com\\\/de\\\/#organization\"},\"potentialAction\":[{\"@type\":\"SearchAction\",\"target\":{\"@type\":\"EntryPoint\",\"urlTemplate\":\"https:\\\/\\\/loupedeck.com\\\/de\\\/?s={search_term_string}\"},\"query-input\":{\"@type\":\"PropertyValueSpecification\",\"valueRequired\":true,\"valueName\":\"search_term_string\"}}],\"inLanguage\":\"de\"},{\"@type\":\"Organization\",\"@id\":\"https:\\\/\\\/loupedeck.com\\\/de\\\/#organization\",\"name\":\"Loupedeck DE\",\"url\":\"https:\\\/\\\/loupedeck.com\\\/de\\\/\",\"logo\":{\"@type\":\"ImageObject\",\"inLanguage\":\"de\",\"@id\":\"https:\\\/\\\/loupedeck.com\\\/de\\\/#\\\/schema\\\/logo\\\/image\\\/\",\"url\":\"https:\\\/\\\/loupedeck.com\\\/de\\\/wp-content\\\/uploads\\\/sites\\\/18\\\/2021\\\/04\\\/loupedeck-logo-black.svg\",\"contentUrl\":\"https:\\\/\\\/loupedeck.com\\\/de\\\/wp-content\\\/uploads\\\/sites\\\/18\\\/2021\\\/04\\\/loupedeck-logo-black.svg\",\"width\":200,\"height\":31,\"caption\":\"Loupedeck DE\"},\"image\":{\"@id\":\"https:\\\/\\\/loupedeck.com\\\/de\\\/#\\\/schema\\\/logo\\\/image\\\/\"}}]}<\/script>\n<!-- \/ Yoast SEO plugin. -->","yoast_head_json":{"title":"Loupedeck Marketplace - Loupedeck DE","description":"Loupedeck Marketplace: Download Loupedeck Software now and gain access to the marketplace with more than 250+ new tools and content.","robots":{"index":"index","follow":"follow","max-snippet":"max-snippet:-1","max-image-preview":"max-image-preview:large","max-video-preview":"max-video-preview:-1"},"canonical":"https:\/\/loupedeck.com\/de\/loupedeck-marketplace\/","og_locale":"de_DE","og_type":"article","og_title":"Loupedeck Marketplace - Loupedeck DE","og_description":"Loupedeck Marketplace: Download Loupedeck Software now and gain access to the marketplace with more than 250+ new tools and content.","og_url":"https:\/\/loupedeck.com\/de\/loupedeck-marketplace\/","og_site_name":"Loupedeck DE","article_modified_time":"2024-04-17T09:37:10+00:00","og_image":[{"width":600,"height":338,"url":"https:\/\/loupedeck.com\/de\/wp-content\/uploads\/sites\/18\/2022\/04\/Loupedeck-marketplace.png","type":"image\/png"}],"twitter_card":"summary_large_image","twitter_misc":{"Gesch\u00e4tzte Lesezeit":"5\u00a0Minuten"},"schema":{"@context":"https:\/\/schema.org","@graph":[{"@type":"WebPage","@id":"https:\/\/loupedeck.com\/de\/loupedeck-marketplace\/","url":"https:\/\/loupedeck.com\/de\/loupedeck-marketplace\/","name":"Loupedeck Marketplace - Loupedeck DE","isPartOf":{"@id":"https:\/\/loupedeck.com\/de\/#website"},"primaryImageOfPage":{"@id":"https:\/\/loupedeck.com\/de\/loupedeck-marketplace\/#primaryimage"},"image":{"@id":"https:\/\/loupedeck.com\/de\/loupedeck-marketplace\/#primaryimage"},"thumbnailUrl":"https:\/\/loupedeck.com\/de\/wp-content\/uploads\/sites\/18\/2022\/04\/Loupedeck-marketplace.png","datePublished":"2022-05-02T11:06:08+00:00","dateModified":"2024-04-17T09:37:10+00:00","description":"Loupedeck Marketplace: Download Loupedeck Software now and gain access to the marketplace with more than 250+ new tools and content.","breadcrumb":{"@id":"https:\/\/loupedeck.com\/de\/loupedeck-marketplace\/#breadcrumb"},"inLanguage":"de","potentialAction":[{"@type":"ReadAction","target":["https:\/\/loupedeck.com\/de\/loupedeck-marketplace\/"]}]},{"@type":"ImageObject","inLanguage":"de","@id":"https:\/\/loupedeck.com\/de\/loupedeck-marketplace\/#primaryimage","url":"https:\/\/loupedeck.com\/de\/wp-content\/uploads\/sites\/18\/2022\/04\/Loupedeck-marketplace.png","contentUrl":"https:\/\/loupedeck.com\/de\/wp-content\/uploads\/sites\/18\/2022\/04\/Loupedeck-marketplace.png","width":600,"height":338},{"@type":"BreadcrumbList","@id":"https:\/\/loupedeck.com\/de\/loupedeck-marketplace\/#breadcrumb","itemListElement":[{"@type":"ListItem","position":1,"name":"Etusivu","item":"https:\/\/loupedeck.com\/de\/"},{"@type":"ListItem","position":2,"name":"Loupedeck Marketplace"}]},{"@type":"WebSite","@id":"https:\/\/loupedeck.com\/de\/#website","url":"https:\/\/loupedeck.com\/de\/","name":"Loupedeck DE","description":"Loupedeck Online Store","publisher":{"@id":"https:\/\/loupedeck.com\/de\/#organization"},"potentialAction":[{"@type":"SearchAction","target":{"@type":"EntryPoint","urlTemplate":"https:\/\/loupedeck.com\/de\/?s={search_term_string}"},"query-input":{"@type":"PropertyValueSpecification","valueRequired":true,"valueName":"search_term_string"}}],"inLanguage":"de"},{"@type":"Organization","@id":"https:\/\/loupedeck.com\/de\/#organization","name":"Loupedeck DE","url":"https:\/\/loupedeck.com\/de\/","logo":{"@type":"ImageObject","inLanguage":"de","@id":"https:\/\/loupedeck.com\/de\/#\/schema\/logo\/image\/","url":"https:\/\/loupedeck.com\/de\/wp-content\/uploads\/sites\/18\/2021\/04\/loupedeck-logo-black.svg","contentUrl":"https:\/\/loupedeck.com\/de\/wp-content\/uploads\/sites\/18\/2021\/04\/loupedeck-logo-black.svg","width":200,"height":31,"caption":"Loupedeck DE"},"image":{"@id":"https:\/\/loupedeck.com\/de\/#\/schema\/logo\/image\/"}}]}},"_links":{"self":[{"href":"https:\/\/loupedeck.com\/de\/wp-json\/wp\/v2\/pages\/4618","targetHints":{"allow":["GET"]}}],"collection":[{"href":"https:\/\/loupedeck.com\/de\/wp-json\/wp\/v2\/pages"}],"about":[{"href":"https:\/\/loupedeck.com\/de\/wp-json\/wp\/v2\/types\/page"}],"author":[{"embeddable":true,"href":"https:\/\/loupedeck.com\/de\/wp-json\/wp\/v2\/users\/3"}],"replies":[{"embeddable":true,"href":"https:\/\/loupedeck.com\/de\/wp-json\/wp\/v2\/comments?post=4618"}],"version-history":[{"count":14,"href":"https:\/\/loupedeck.com\/de\/wp-json\/wp\/v2\/pages\/4618\/revisions"}],"predecessor-version":[{"id":5332,"href":"https:\/\/loupedeck.com\/de\/wp-json\/wp\/v2\/pages\/4618\/revisions\/5332"}],"wp:featuredmedia":[{"embeddable":true,"href":"https:\/\/loupedeck.com\/de\/wp-json\/wp\/v2\/media\/4612"}],"wp:attachment":[{"href":"https:\/\/loupedeck.com\/de\/wp-json\/wp\/v2\/media?parent=4618"}],"curies":[{"name":"wp","href":"https:\/\/api.w.org\/{rel}","templated":true}]}}