{"id":4143,"date":"2021-06-04T15:30:48","date_gmt":"2021-06-04T12:30:48","guid":{"rendered":"https:\/\/loupedeck.com\/de\/?page_id=4143"},"modified":"2023-02-20T15:39:52","modified_gmt":"2023-02-20T13:39:52","slug":"site-notice","status":"publish","type":"page","link":"https:\/\/loupedeck.com\/de\/site-notice\/","title":{"rendered":"Impressum"},"content":{"rendered":"<div class=\"block custom-block bg-white block-accordions\">\n    <div class=\"container\">\n                <div class=\"row justify-content-center title-row\">\n            <div class=\"col-12 col-lg-8 title-col\">\n                <h2>Impressum<\/h2>\n            <\/div>\n        <\/div>\n                <div class=\"row justify-content-center content-row\">\n            <div class=\"col-12 col-lg-8 content-col entry-content\">\n                <p><b><span data-contrast=\"auto\">LoupeDeck Oy<\/span><\/b><\/p>\n<p>Museokatu 8<br \/>\n00100 Helsinki<br \/>\nFinland<br \/>\ninfo@loupedeck.com<br \/>\nVAT ID Finland: FI27695295<br \/>\nVAT ID Germany: DE313999997<\/p>\n<p><b><span data-contrast=\"auto\">Bedingungen f\u00fcr die Verwendung der Loupedeck-Website<\/span><\/b><span data-ccp-props=\"{\">\u00a0<\/span><\/p>\n<p><span data-contrast=\"auto\">Die Verwendung der Loupedeck-Website\u00a0(\u201eSeite\u201c)\u00a0unterliegt\u00a0der\u00a0Datenschutzrichtlinie und\u00a0den Cookie-Richtlinien von\u00a0Loupedeck\u00a0sowie den geltenden Allgemeinen Gesch\u00e4ftsbedingungen von\u00a0Loupedeck\u00a0und jeglichen\u00a0Drittanbietern, die Fremdinhalte\u00a0f\u00fcr diese Seite bereitstellen.\u00a0Mit der Nutzung der Seite\u00a0willigen Sie in diese\u00a0Bedingungen ein und akzeptieren\u00a0sie.<\/span><span data-ccp-props=\"{\">\u00a0<\/span><\/p>\n<p><span data-contrast=\"auto\">Die\u00a0Seite und s\u00e4mtliche Inhalte,\u00a0einschlie\u00dflich,\u00a0aber nicht beschr\u00e4nkt auf\u00a0Texte, Grafiken, Namen, Bilder, Zahlen, Logos,\u00a0Symbole\u00a0und Software sind Eigentum von\u00a0Loupedeck\u00a0und seiner verbundenen Unternehmen,\u00a0Lizenzgeber\u00a0und Partner.\u00a0Alle Rechte sind vorbehalten, sofern nicht ausdr\u00fccklich anders\u00a0gew\u00e4hrt.\u00a0Jede Vervielf\u00e4ltigung, \u00dcbertragung, \u00c4nderung, Speicherung, Ver\u00f6ffentlichung\u00a0oder\u00a0Verteilung der Inhalte\u00a0der\u00a0Seite\u00a0oder\u00a0eines\u00a0Teils\u00a0davon\u00a0ist ohne vorherige schriftliche Zustimmung von\u00a0Loupedeck\u00a0verboten.<\/span><span data-ccp-props=\"{\">\u00a0<\/span><\/p>\n<p><span data-contrast=\"auto\">Die Seite\u00a0kann externe Links zu\u00a0Webseiten\u00a0und Dom\u00e4nen\u00a0von Drittanbietern enthalten.\u00a0Loupedeck\u00a0hat\u00a0keine Kontrolle\u00a0\u00fcber diese externen Seiten\u00a0und\u00a0\u00fcbernimmt keine Verantwortung f\u00fcr auf den verlinkten Websites\u00a0generierte oder ver\u00f6ffentlichte Inhalte.\u00a0Die Einhaltung\u00a0der geltenden Gesetze\u00a0liegt in der ausdr\u00fccklichen Verantwortung der externen Website.<\/span><span data-ccp-props=\"{\">\u00a0<\/span><\/p>\n<p><span data-contrast=\"auto\">Loupedeck\u00a0beh\u00e4lt sich das Recht vor, alle Inhalte der Seite einschlie\u00dflich dieses Impressums zu ver\u00e4ndern oder zu bearbeiten und den Zugang auf die Seite jederzeit mit oder ohne vorherige Ank\u00fcndigung zu sperren oder einzuschr\u00e4nken.\u00a0Die Seite\u00a0wird in der vorliegenden Form ohne jegliche ausdr\u00fcckliche oder stillschweigende Gew\u00e4hrleistung bereitgestellt. Dies bezieht sich unter anderem auf die Genauigkeit, Vollst\u00e4ndigkeit,\u00a0Zuverl\u00e4ssigkeit\u00a0oder Verf\u00fcgbarkeit\u00a0der\u00a0Seite.\u00a0Loupedeck\u00a0\u00fcbernimmt keine Verantwortung\u00a0f\u00fcr direkte, indirekte,\u00a0zuf\u00e4llige\u00a0oder Folgesch\u00e4den,\u00a0die sich aus der Nutzung der Website ergeben, es sei denn, dies ist gesetzlich vorgeschrieben.<\/span><span data-ccp-props=\"{\">\u00a0<\/span><\/p>\n<p><span data-contrast=\"auto\">Der Nutzer\u00a0der Seite\u00a0ist allein verantwortlich f\u00fcr die Richtigkeit von an\u00a0die\u00a0Seite \u00fcbermittelten Inhalten und Materialien.\u00a0Im Rahmen des geltenden Rechts beh\u00e4lt sich\u00a0Loupedeck\u00a0das uneingeschr\u00e4nkte Recht vor, alle von Nutzern an die Seite \u00fcbermittelten Informationen und Materialien entweder eigenst\u00e4ndig oder als Teil anderer Materialien zu kopieren, bearbeiten,\u00a0ver\u00f6ffentlichen oder verteilen.<\/span><span data-ccp-props=\"{\">\u00a0<\/span><\/p>\n<p><span data-contrast=\"auto\">Die Nutzung dieser Website und die\u00a0Nutzungsbedingungen\u00a0unterliegen\u00a0den finnischen Gesetzen.<\/span><\/p>\n            <\/div>\n        <\/div>\n            <\/div>\n<\/div>\n","protected":false},"excerpt":{"rendered":"","protected":false},"author":2,"featured_media":0,"parent":0,"menu_order":0,"comment_status":"closed","ping_status":"open","template":"","meta":{"_acf_changed":false,"footnotes":""},"class_list":["post-4143","page","type-page","status-publish","hentry"],"acf":[],"yoast_head":"<!-- This site is optimized with the Yoast SEO plugin v27.1.1 - https:\/\/yoast.com\/product\/yoast-seo-wordpress\/ -->\n<title>Impressum - Loupedeck DE<\/title>\n<meta name=\"robots\" content=\"index, follow, max-snippet:-1, max-image-preview:large, max-video-preview:-1\" \/>\n<link rel=\"canonical\" href=\"https:\/\/loupedeck.com\/de\/site-notice\/\" \/>\n<meta property=\"og:locale\" content=\"de_DE\" \/>\n<meta property=\"og:type\" content=\"article\" \/>\n<meta property=\"og:title\" content=\"Impressum - Loupedeck DE\" \/>\n<meta property=\"og:url\" content=\"https:\/\/loupedeck.com\/de\/site-notice\/\" \/>\n<meta property=\"og:site_name\" content=\"Loupedeck DE\" \/>\n<meta property=\"article:modified_time\" content=\"2023-02-20T13:39:52+00:00\" \/>\n<meta name=\"twitter:card\" content=\"summary_large_image\" \/>\n<script type=\"application\/ld+json\" class=\"yoast-schema-graph\">{\"@context\":\"https:\/\/schema.org\",\"@graph\":[{\"@type\":\"WebPage\",\"@id\":\"https:\/\/loupedeck.com\/de\/site-notice\/\",\"url\":\"https:\/\/loupedeck.com\/de\/site-notice\/\",\"name\":\"Impressum - Loupedeck DE\",\"isPartOf\":{\"@id\":\"https:\/\/loupedeck.com\/de\/#website\"},\"datePublished\":\"2021-06-04T12:30:48+00:00\",\"dateModified\":\"2023-02-20T13:39:52+00:00\",\"breadcrumb\":{\"@id\":\"https:\/\/loupedeck.com\/de\/site-notice\/#breadcrumb\"},\"inLanguage\":\"de\",\"potentialAction\":[{\"@type\":\"ReadAction\",\"target\":[\"https:\/\/loupedeck.com\/de\/site-notice\/\"]}]},{\"@type\":\"BreadcrumbList\",\"@id\":\"https:\/\/loupedeck.com\/de\/site-notice\/#breadcrumb\",\"itemListElement\":[{\"@type\":\"ListItem\",\"position\":1,\"name\":\"Etusivu\",\"item\":\"https:\/\/loupedeck.com\/de\/\"},{\"@type\":\"ListItem\",\"position\":2,\"name\":\"Impressum\"}]},{\"@type\":\"WebSite\",\"@id\":\"https:\/\/loupedeck.com\/de\/#website\",\"url\":\"https:\/\/loupedeck.com\/de\/\",\"name\":\"Loupedeck DE\",\"description\":\"Loupedeck Online Store\",\"publisher\":{\"@id\":\"https:\/\/loupedeck.com\/de\/#organization\"},\"potentialAction\":[{\"@type\":\"SearchAction\",\"target\":{\"@type\":\"EntryPoint\",\"urlTemplate\":\"https:\/\/loupedeck.com\/de\/?s={search_term_string}\"},\"query-input\":{\"@type\":\"PropertyValueSpecification\",\"valueRequired\":true,\"valueName\":\"search_term_string\"}}],\"inLanguage\":\"de\"},{\"@type\":\"Organization\",\"@id\":\"https:\/\/loupedeck.com\/de\/#organization\",\"name\":\"Loupedeck DE\",\"url\":\"https:\/\/loupedeck.com\/de\/\",\"logo\":{\"@type\":\"ImageObject\",\"inLanguage\":\"de\",\"@id\":\"https:\/\/loupedeck.com\/de\/#\/schema\/logo\/image\/\",\"url\":\"https:\/\/loupedeck.com\/de\/wp-content\/uploads\/sites\/18\/2021\/04\/loupedeck-logo-black.svg\",\"contentUrl\":\"https:\/\/loupedeck.com\/de\/wp-content\/uploads\/sites\/18\/2021\/04\/loupedeck-logo-black.svg\",\"width\":200,\"height\":31,\"caption\":\"Loupedeck DE\"},\"image\":{\"@id\":\"https:\/\/loupedeck.com\/de\/#\/schema\/logo\/image\/\"}}]}<\/script>\n<!-- \/ Yoast SEO plugin. -->","yoast_head_json":{"title":"Impressum - Loupedeck DE","robots":{"index":"index","follow":"follow","max-snippet":"max-snippet:-1","max-image-preview":"max-image-preview:large","max-video-preview":"max-video-preview:-1"},"canonical":"https:\/\/loupedeck.com\/de\/site-notice\/","og_locale":"de_DE","og_type":"article","og_title":"Impressum - Loupedeck DE","og_url":"https:\/\/loupedeck.com\/de\/site-notice\/","og_site_name":"Loupedeck DE","article_modified_time":"2023-02-20T13:39:52+00:00","twitter_card":"summary_large_image","schema":{"@context":"https:\/\/schema.org","@graph":[{"@type":"WebPage","@id":"https:\/\/loupedeck.com\/de\/site-notice\/","url":"https:\/\/loupedeck.com\/de\/site-notice\/","name":"Impressum - Loupedeck DE","isPartOf":{"@id":"https:\/\/loupedeck.com\/de\/#website"},"datePublished":"2021-06-04T12:30:48+00:00","dateModified":"2023-02-20T13:39:52+00:00","breadcrumb":{"@id":"https:\/\/loupedeck.com\/de\/site-notice\/#breadcrumb"},"inLanguage":"de","potentialAction":[{"@type":"ReadAction","target":["https:\/\/loupedeck.com\/de\/site-notice\/"]}]},{"@type":"BreadcrumbList","@id":"https:\/\/loupedeck.com\/de\/site-notice\/#breadcrumb","itemListElement":[{"@type":"ListItem","position":1,"name":"Etusivu","item":"https:\/\/loupedeck.com\/de\/"},{"@type":"ListItem","position":2,"name":"Impressum"}]},{"@type":"WebSite","@id":"https:\/\/loupedeck.com\/de\/#website","url":"https:\/\/loupedeck.com\/de\/","name":"Loupedeck DE","description":"Loupedeck Online Store","publisher":{"@id":"https:\/\/loupedeck.com\/de\/#organization"},"potentialAction":[{"@type":"SearchAction","target":{"@type":"EntryPoint","urlTemplate":"https:\/\/loupedeck.com\/de\/?s={search_term_string}"},"query-input":{"@type":"PropertyValueSpecification","valueRequired":true,"valueName":"search_term_string"}}],"inLanguage":"de"},{"@type":"Organization","@id":"https:\/\/loupedeck.com\/de\/#organization","name":"Loupedeck DE","url":"https:\/\/loupedeck.com\/de\/","logo":{"@type":"ImageObject","inLanguage":"de","@id":"https:\/\/loupedeck.com\/de\/#\/schema\/logo\/image\/","url":"https:\/\/loupedeck.com\/de\/wp-content\/uploads\/sites\/18\/2021\/04\/loupedeck-logo-black.svg","contentUrl":"https:\/\/loupedeck.com\/de\/wp-content\/uploads\/sites\/18\/2021\/04\/loupedeck-logo-black.svg","width":200,"height":31,"caption":"Loupedeck DE"},"image":{"@id":"https:\/\/loupedeck.com\/de\/#\/schema\/logo\/image\/"}}]}},"_links":{"self":[{"href":"https:\/\/loupedeck.com\/de\/wp-json\/wp\/v2\/pages\/4143","targetHints":{"allow":["GET"]}}],"collection":[{"href":"https:\/\/loupedeck.com\/de\/wp-json\/wp\/v2\/pages"}],"about":[{"href":"https:\/\/loupedeck.com\/de\/wp-json\/wp\/v2\/types\/page"}],"author":[{"embeddable":true,"href":"https:\/\/loupedeck.com\/de\/wp-json\/wp\/v2\/users\/2"}],"replies":[{"embeddable":true,"href":"https:\/\/loupedeck.com\/de\/wp-json\/wp\/v2\/comments?post=4143"}],"version-history":[{"count":6,"href":"https:\/\/loupedeck.com\/de\/wp-json\/wp\/v2\/pages\/4143\/revisions"}],"predecessor-version":[{"id":4962,"href":"https:\/\/loupedeck.com\/de\/wp-json\/wp\/v2\/pages\/4143\/revisions\/4962"}],"wp:attachment":[{"href":"https:\/\/loupedeck.com\/de\/wp-json\/wp\/v2\/media?parent=4143"}],"curies":[{"name":"wp","href":"https:\/\/api.w.org\/{rel}","templated":true}]}}