{"id":4138,"date":"2021-05-17T11:30:00","date_gmt":"2021-05-17T08:30:00","guid":{"rendered":"https:\/\/loupedeck.com\/de\/?page_id=4138"},"modified":"2023-04-04T15:42:05","modified_gmt":"2023-04-04T12:42:05","slug":"about-loupedeck","status":"publish","type":"page","link":"https:\/\/loupedeck.com\/de\/about-loupedeck\/","title":{"rendered":"\u00dcber Loupedeck"},"content":{"rendered":"<div id=\"ibc-69d0cc2457405\" class=\"block custom-block bg-white block-image-beside-content image-on-right\">\n    <div class=\"container\">\n        <div class=\"row align-items-center justify-content-between\">\n           \n            <div class=\"col-lg-6 img-col order-1 order-lg-3\">\n                <div class=\"img-wrap\">\n                    <img decoding=\"async\" src=\"https:\/\/loupedeck.com\/de\/wp-content\/uploads\/sites\/18\/2021\/06\/CA3_9452_2048px-728x455.jpg\" width=\"728\" height=\"455\" alt=\"\">                <\/div>\n            <\/div>\n            \n            <div class=\"col-lg-6 col-xl-5 text-col order-2\">\n                <div class=\"text-wrap\">\n                    <h1>Wir stellen vor: Loupedeck<\/h1><p>Wir sind Loupedeck, die Macher von Loupedeck+, Loupedeck CT und Loupedeck Live sowie kundenspezifischer Kreativkonsolen. Loupedeck wurde 2016 in Finnland gegr\u00fcndet und z\u00e4hlt mittlerweile zu den f\u00fchrenden Marken f\u00fcr kundenspezifische Editing-Konsolen im Bereich professioneller und hobbyorientierter Workstations.<\/p>\n                <\/div>\n            <\/div>\n            \n        <\/div>\n    <\/div>\n<\/div>\n\n\n\n<div id=\"ibc-69d0cc2458127\" class=\"block custom-block bg-grey block-image-beside-content image-on-left\">\n    <div class=\"container\">\n        <div class=\"row align-items-center justify-content-between\">\n           \n            <div class=\"col-lg-6 img-col order-1\">\n                <div class=\"img-wrap\">\n                    <img decoding=\"async\" src=\"https:\/\/loupedeck.com\/de\/wp-content\/uploads\/sites\/18\/2021\/06\/CA3_8463_2048px-1-728x455.jpg\" width=\"728\" height=\"455\" alt=\"\">                <\/div>\n            <\/div>\n            \n            <div class=\"col-lg-6 col-xl-5 text-col order-2\">\n                <div class=\"text-wrap\">\n                    <h2>Unsere Mission: die Optimierung kreativer Workflows<\/h2><p class=\"lead h5\">Wir entwickeln kundenspezifische Konsolen, die die Kreativit\u00e4t befl\u00fcgeln <\/p><p>Loupedeck wurde gegr\u00fcndet, um den steigenden Anforderungen kreativer Workflows und der \u00fcberw\u00e4ltigenden Komplexit\u00e4t von Software Rechnung zu tragen. Unsere ma\u00dfgeschneiderten Konsolen l\u00f6sen dieses Problem mithilfe von umfassenden Integrationen, nahtlosen Steuerungen und intuitiv gestalteten Oberfl\u00e4chen. So gelingt der perfekte Schnitt spielend einfach.<\/p>\n                <\/div>\n            <\/div>\n            \n        <\/div>\n    <\/div>\n<\/div>\n\n\n\n<div class=\"block custom-block block-content-lift bg-white h-level-2 \">\n    <div class=\"container\">\n        <div class=\"row justify-content-center content-row\">\n            <div class=\"col-12 col-md-10 content-col entry-content\">\n                                    <h2>Kreativit\u00e4t kennt keine Grenzen<\/h2>\n                                    <p class=\"is-style-ingress\">Mit Loupedeck-Konsolen \u00fcbernimmst du die Kontrolle\n<\/p>\n                                    <p>Wir bei Loupedeck verfolgen unser Ziel, kreativen Menschen ihren Schaffensprozess zu erleichtern. Zu diesem Zweck entwickeln wir ma\u00dfgeschneiderte Konsolen, die die kreative Arbeit zu einer intuitiveren, taktileren und pers\u00f6nlicheren Erfahrung machen. Unser Ziel ist es, s\u00e4mtliche Barrieren zu beseitigen, damit du uneingeschr\u00e4nkt gestalten, bearbeiten und streamen kannst.\n\n<\/p>\n                            <\/div>\n        <\/div>\n    <\/div>\n<\/div>\n\n\n<div id=\"ibc-69d0cc2458bf4\" class=\"block custom-block bg-white block-image-beside-content image-on-right\">\n    <div class=\"container\">\n        <div class=\"row align-items-center justify-content-between\">\n           \n            <div class=\"col-lg-6 img-col order-1 order-lg-3\">\n                <div class=\"img-wrap\">\n                    <img decoding=\"async\" src=\"https:\/\/loupedeck.com\/de\/wp-content\/uploads\/sites\/18\/2021\/06\/CA3_8667-Edit_2048px-728x485.jpg\" width=\"728\" height=\"485\" alt=\"\">                <\/div>\n            <\/div>\n            \n            <div class=\"col-lg-6 col-xl-5 text-col order-2\">\n                <div class=\"text-wrap\">\n                    <h2>Unsere Kultur<\/h2><p class=\"lead h5\">Bei Loupedeck liegen uns unsere Mitarbeiter ganz besonders am Herzen<\/p><p>Wir schaffen eine Umgebung, in der Vielfalt nicht nur willkommen ist, sondern auch mit Stolz gefeiert wird. Wir sind ein Team aus leidenschaftlichen Technikern, Designern, Kreativen und Vordenkern aus 12 verschiedenen L\u00e4ndern. Wir haben uns zusammengeschlossen, um den kreativen Prozess in eine Inspirationsquelle f\u00fcr Einfallsreichtum und Innovation zu verwandeln. <\/p>\n                <\/div>\n            <\/div>\n            \n        <\/div>\n    <\/div>\n<\/div>\n\n\n\n<div class=\"block custom-block block-two-columns\">\n    <div class=\"top bg-white\">\n                    <div class=\"container\">\n                <div class=\"row title-row justify-content-center\">\n                    <div class=\"col-12 col-md-10 title-col\">\n                        <h2 class=\"block-title h2\">Unser Team <\/h2>\n                        <p class=\"h4\">Loupedeck-Management<\/p>                    <\/div>\n                <\/div>\n            <\/div>\n            <\/div>\n    <div class=\"bottom bg-white\">\n        <div class=\"container bg-white\">\n            <div class=\"row columns\">\n                                        <div class=\"col-md-6 col-item\">\n                            <div class=\"img-wrap\"><img decoding=\"async\" src=\"https:\/\/loupedeck.com\/de\/wp-content\/uploads\/sites\/18\/2021\/05\/loupedeck-c-p-mikko-01-320x320-320x320-1.jpeg\" width=\"320\" height=\"320\" alt=\"\"><\/div>                                <div class=\"text-wrap\">\n                                    <h3 class=\"h3 col-title\">Mikko Kesti<\/h3><p class=\"col-subtitle h4\">Gr\u00fcnder, Chief Executive Officer<\/p>                                <\/div>\n                                                    <\/div>\n                                            <div class=\"col-md-6 col-item\">\n                            <div class=\"img-wrap\"><img decoding=\"async\" src=\"https:\/\/loupedeck.com\/de\/wp-content\/uploads\/sites\/18\/2021\/05\/loupedeck-c-p-felix-01-320x320-320x320-1.jpeg\" width=\"320\" height=\"320\" alt=\"\"><\/div>                                <div class=\"text-wrap\">\n                                    <h3 class=\"h3 col-title\">Felix Hartwigsen<\/h3><p class=\"col-subtitle h4\">Gr\u00fcnder, Chief Marketing Officer<\/p>                                <\/div>\n                                                    <\/div>\n                                <\/div>\n        <\/div>\n    <\/div>\n<\/div>\n\n\n<div class=\"block custom-block block-two-columns\">\n    <div class=\"top bg-white\">\n            <\/div>\n    <div class=\"bottom bg-white\">\n        <div class=\"container bg-white\">\n            <div class=\"row columns\">\n                                        <div class=\"col-md-6 col-item\">\n                            <div class=\"img-wrap\"><img decoding=\"async\" src=\"https:\/\/loupedeck.com\/de\/wp-content\/uploads\/sites\/18\/2021\/05\/web-ready-new-01-728x728.jpg\" width=\"728\" height=\"728\" alt=\"\"><\/div>                                <div class=\"text-wrap\">\n                                    <h3 class=\"h3 col-title\">Pauli Seppinen<\/h3><p class=\"col-subtitle h4\">Gr\u00fcnder, Chief Technical Officer<\/p><div class=\"col-content\"><p><a href=\"https:\/\/www.pauliseppinen.com\/\" target=\"_blank\" rel=\"noopener\">pauliseppinen.com<\/a><\/p>\n<\/div>                                <\/div>\n                                                    <\/div>\n                                <\/div>\n        <\/div>\n    <\/div>\n<\/div>\n\n\n<div class=\"block custom-block block-content-lift bg-grey h-level-2 \">\n    <div class=\"container\">\n        <div class=\"row justify-content-center content-row\">\n            <div class=\"col-12 col-md-10 content-col entry-content\">\n                                    <h2>M\u00f6chtest du Teil des Teams werden?<\/h2>\n                                    <p class=\"is-style-ingress\">Werde Teil des Loupedeck-Teams<\/p>\n                                    <p>Lerne das Arbeitsumfeld bei Loupedeck kennen und lasse uns bei Interesse deine Bewerbung zukommen<\/p>\n                                    <a href=\"https:\/\/loupedeck.com\/loupedeck-careers\/\" target=\"_blank\" rel=\"noopener\" class=\"button\">Weitere Informationen<\/a>\n                            <\/div>\n        <\/div>\n    <\/div>\n<\/div>\n","protected":false},"excerpt":{"rendered":"","protected":false},"author":3,"featured_media":0,"parent":0,"menu_order":0,"comment_status":"closed","ping_status":"closed","template":"","meta":{"_acf_changed":false,"footnotes":""},"class_list":["post-4138","page","type-page","status-publish","hentry"],"acf":[],"yoast_head":"<!-- This site is optimized with the Yoast SEO plugin v27.1.1 - https:\/\/yoast.com\/product\/yoast-seo-wordpress\/ -->\n<title>\u00dcber Loupedeck - Loupedeck DE<\/title>\n<meta name=\"robots\" content=\"index, follow, max-snippet:-1, max-image-preview:large, max-video-preview:-1\" \/>\n<link rel=\"canonical\" href=\"https:\/\/loupedeck.com\/de\/about-loupedeck\/\" \/>\n<meta property=\"og:locale\" content=\"de_DE\" \/>\n<meta property=\"og:type\" content=\"article\" \/>\n<meta property=\"og:title\" content=\"\u00dcber Loupedeck - Loupedeck DE\" \/>\n<meta property=\"og:url\" content=\"https:\/\/loupedeck.com\/de\/about-loupedeck\/\" \/>\n<meta property=\"og:site_name\" content=\"Loupedeck DE\" \/>\n<meta property=\"article:modified_time\" content=\"2023-04-04T12:42:05+00:00\" \/>\n<meta name=\"twitter:card\" content=\"summary_large_image\" \/>\n<script type=\"application\/ld+json\" class=\"yoast-schema-graph\">{\"@context\":\"https:\/\/schema.org\",\"@graph\":[{\"@type\":\"WebPage\",\"@id\":\"https:\/\/loupedeck.com\/de\/about-loupedeck\/\",\"url\":\"https:\/\/loupedeck.com\/de\/about-loupedeck\/\",\"name\":\"\u00dcber Loupedeck - Loupedeck DE\",\"isPartOf\":{\"@id\":\"https:\/\/loupedeck.com\/de\/#website\"},\"datePublished\":\"2021-05-17T08:30:00+00:00\",\"dateModified\":\"2023-04-04T12:42:05+00:00\",\"breadcrumb\":{\"@id\":\"https:\/\/loupedeck.com\/de\/about-loupedeck\/#breadcrumb\"},\"inLanguage\":\"de\",\"potentialAction\":[{\"@type\":\"ReadAction\",\"target\":[\"https:\/\/loupedeck.com\/de\/about-loupedeck\/\"]}]},{\"@type\":\"BreadcrumbList\",\"@id\":\"https:\/\/loupedeck.com\/de\/about-loupedeck\/#breadcrumb\",\"itemListElement\":[{\"@type\":\"ListItem\",\"position\":1,\"name\":\"Etusivu\",\"item\":\"https:\/\/loupedeck.com\/de\/\"},{\"@type\":\"ListItem\",\"position\":2,\"name\":\"\u00dcber Loupedeck\"}]},{\"@type\":\"WebSite\",\"@id\":\"https:\/\/loupedeck.com\/de\/#website\",\"url\":\"https:\/\/loupedeck.com\/de\/\",\"name\":\"Loupedeck DE\",\"description\":\"Loupedeck Online Store\",\"publisher\":{\"@id\":\"https:\/\/loupedeck.com\/de\/#organization\"},\"potentialAction\":[{\"@type\":\"SearchAction\",\"target\":{\"@type\":\"EntryPoint\",\"urlTemplate\":\"https:\/\/loupedeck.com\/de\/?s={search_term_string}\"},\"query-input\":{\"@type\":\"PropertyValueSpecification\",\"valueRequired\":true,\"valueName\":\"search_term_string\"}}],\"inLanguage\":\"de\"},{\"@type\":\"Organization\",\"@id\":\"https:\/\/loupedeck.com\/de\/#organization\",\"name\":\"Loupedeck DE\",\"url\":\"https:\/\/loupedeck.com\/de\/\",\"logo\":{\"@type\":\"ImageObject\",\"inLanguage\":\"de\",\"@id\":\"https:\/\/loupedeck.com\/de\/#\/schema\/logo\/image\/\",\"url\":\"https:\/\/loupedeck.com\/de\/wp-content\/uploads\/sites\/18\/2021\/04\/loupedeck-logo-black.svg\",\"contentUrl\":\"https:\/\/loupedeck.com\/de\/wp-content\/uploads\/sites\/18\/2021\/04\/loupedeck-logo-black.svg\",\"width\":200,\"height\":31,\"caption\":\"Loupedeck DE\"},\"image\":{\"@id\":\"https:\/\/loupedeck.com\/de\/#\/schema\/logo\/image\/\"}}]}<\/script>\n<!-- \/ Yoast SEO plugin. -->","yoast_head_json":{"title":"\u00dcber Loupedeck - Loupedeck DE","robots":{"index":"index","follow":"follow","max-snippet":"max-snippet:-1","max-image-preview":"max-image-preview:large","max-video-preview":"max-video-preview:-1"},"canonical":"https:\/\/loupedeck.com\/de\/about-loupedeck\/","og_locale":"de_DE","og_type":"article","og_title":"\u00dcber Loupedeck - Loupedeck DE","og_url":"https:\/\/loupedeck.com\/de\/about-loupedeck\/","og_site_name":"Loupedeck DE","article_modified_time":"2023-04-04T12:42:05+00:00","twitter_card":"summary_large_image","schema":{"@context":"https:\/\/schema.org","@graph":[{"@type":"WebPage","@id":"https:\/\/loupedeck.com\/de\/about-loupedeck\/","url":"https:\/\/loupedeck.com\/de\/about-loupedeck\/","name":"\u00dcber Loupedeck - Loupedeck DE","isPartOf":{"@id":"https:\/\/loupedeck.com\/de\/#website"},"datePublished":"2021-05-17T08:30:00+00:00","dateModified":"2023-04-04T12:42:05+00:00","breadcrumb":{"@id":"https:\/\/loupedeck.com\/de\/about-loupedeck\/#breadcrumb"},"inLanguage":"de","potentialAction":[{"@type":"ReadAction","target":["https:\/\/loupedeck.com\/de\/about-loupedeck\/"]}]},{"@type":"BreadcrumbList","@id":"https:\/\/loupedeck.com\/de\/about-loupedeck\/#breadcrumb","itemListElement":[{"@type":"ListItem","position":1,"name":"Etusivu","item":"https:\/\/loupedeck.com\/de\/"},{"@type":"ListItem","position":2,"name":"\u00dcber Loupedeck"}]},{"@type":"WebSite","@id":"https:\/\/loupedeck.com\/de\/#website","url":"https:\/\/loupedeck.com\/de\/","name":"Loupedeck DE","description":"Loupedeck Online Store","publisher":{"@id":"https:\/\/loupedeck.com\/de\/#organization"},"potentialAction":[{"@type":"SearchAction","target":{"@type":"EntryPoint","urlTemplate":"https:\/\/loupedeck.com\/de\/?s={search_term_string}"},"query-input":{"@type":"PropertyValueSpecification","valueRequired":true,"valueName":"search_term_string"}}],"inLanguage":"de"},{"@type":"Organization","@id":"https:\/\/loupedeck.com\/de\/#organization","name":"Loupedeck DE","url":"https:\/\/loupedeck.com\/de\/","logo":{"@type":"ImageObject","inLanguage":"de","@id":"https:\/\/loupedeck.com\/de\/#\/schema\/logo\/image\/","url":"https:\/\/loupedeck.com\/de\/wp-content\/uploads\/sites\/18\/2021\/04\/loupedeck-logo-black.svg","contentUrl":"https:\/\/loupedeck.com\/de\/wp-content\/uploads\/sites\/18\/2021\/04\/loupedeck-logo-black.svg","width":200,"height":31,"caption":"Loupedeck DE"},"image":{"@id":"https:\/\/loupedeck.com\/de\/#\/schema\/logo\/image\/"}}]}},"_links":{"self":[{"href":"https:\/\/loupedeck.com\/de\/wp-json\/wp\/v2\/pages\/4138","targetHints":{"allow":["GET"]}}],"collection":[{"href":"https:\/\/loupedeck.com\/de\/wp-json\/wp\/v2\/pages"}],"about":[{"href":"https:\/\/loupedeck.com\/de\/wp-json\/wp\/v2\/types\/page"}],"author":[{"embeddable":true,"href":"https:\/\/loupedeck.com\/de\/wp-json\/wp\/v2\/users\/3"}],"replies":[{"embeddable":true,"href":"https:\/\/loupedeck.com\/de\/wp-json\/wp\/v2\/comments?post=4138"}],"version-history":[{"count":7,"href":"https:\/\/loupedeck.com\/de\/wp-json\/wp\/v2\/pages\/4138\/revisions"}],"predecessor-version":[{"id":5018,"href":"https:\/\/loupedeck.com\/de\/wp-json\/wp\/v2\/pages\/4138\/revisions\/5018"}],"wp:attachment":[{"href":"https:\/\/loupedeck.com\/de\/wp-json\/wp\/v2\/media?parent=4138"}],"curies":[{"name":"wp","href":"https:\/\/api.w.org\/{rel}","templated":true}]}}