{"id":4135,"date":"2021-05-10T14:10:51","date_gmt":"2021-05-10T11:10:51","guid":{"rendered":"https:\/\/loupedeck.com\/de\/?page_id=4135"},"modified":"2021-08-16T11:09:59","modified_gmt":"2021-08-16T08:09:59","slug":"contact-us","status":"publish","type":"page","link":"https:\/\/loupedeck.com\/de\/contact-us\/","title":{"rendered":"Kontakt"},"content":{"rendered":"<div class=\"block custom-block bg-white block-contact image-on-right\">\n    <div class=\"custom-block-anchor\" id=\"block-contact-anchor\"><\/div>\n    <div class=\"container\">\n        <div class=\"row justify-content-between\">           \n            <div class=\"col-lg-6 img-col order-1 order-lg-3\">\n                <div class=\"img-wrap\">\n                    <img decoding=\"async\" src=\"https:\/\/loupedeck.com\/de\/wp-content\/uploads\/sites\/18\/2021\/06\/loupedeck-live-contact-us-728x485.jpg\" width=\"728\" height=\"485\" alt=\"\">                <\/div>\n            <\/div>            \n            <div class=\"col-lg-6 col-xl-5 text-col order-2\">\n                <div class=\"text-wrap entry-content\">\n                    <h2>Kontakt<\/h2><img decoding=\"async\" src=\"https:\/\/loupedeck.com\/de\/wp-content\/uploads\/sites\/18\/2021\/06\/loupedeck-live-contact-us-728x485.jpg\" width=\"728\" height=\"485\" class=\"mobile-image\" alt=\"\"><p><strong id=\"lorem\">Noch Fragen? Wir haben die Antworten!<\/strong><\/p>\n<p>Hinterlasse uns unten eine Nachricht, wenn du auf das Gesch\u00e4ft, das Marketing oder die Entwicklung bezogene Anfragen hast oder etwas \u00fcber deine Bestellung erfahren m\u00f6chtest.<\/p>\n<p>Wenn du technische Probleme hast, ruf bitte die Seite <a href=\"http:\/\/de.support.loupedeck.com\">Loupedeck-Support<\/a> auf. Dort findest du Anleitungen zur Fehlerbehebung und hilfreiche Leitf\u00e4den und kannst dich auch direkt an den Kundensupport wenden.<\/p>\n<div class=\"form-embed-wrap\"><!--[if lte IE 8]>\r\n<script charset=\"utf-8\" type=\"text\/javascript\" src=\"\/\/js.hsforms.net\/forms\/v2-legacy.js\"><\/script>\r\n<![endif]-->\r\n<script charset=\"utf-8\" type=\"text\/javascript\" src=\"\/\/js.hsforms.net\/forms\/v2.js\"><\/script>\r\n<script>\r\n  hbspt.forms.create({\r\n\tregion: \"na1\",\r\n\tportalId: \"5145542\",\r\n\tformId: \"a8afb04c-7fd2-4825-9eb7-4fae6fd46e06\"\r\n});\r\n<\/script><\/div><div class=\"after-form-buttons\"><a href=\"#block-contact-anchor\" data-hash=\"block-contact-anchor\" class=\"button btn-underline send-new-form desktop\" rel=\"bookmark\">Send another message<\/a><a href=\"#block-contact-anchor\" data-hash=\"block-contact-anchor\" class=\"button send-new-form mobile\" rel=\"bookmark\">Send another message<\/a><\/div>                <\/div>\n            <\/div>            \n        <\/div>\n    <\/div>\n<\/div>\n","protected":false},"excerpt":{"rendered":"","protected":false},"author":1,"featured_media":0,"parent":0,"menu_order":0,"comment_status":"closed","ping_status":"closed","template":"","meta":{"_acf_changed":false,"footnotes":""},"class_list":["post-4135","page","type-page","status-publish","hentry"],"acf":[],"yoast_head":"<!-- This site is optimized with the Yoast SEO plugin v27.1.1 - https:\/\/yoast.com\/product\/yoast-seo-wordpress\/ -->\n<title>Kontakt - Loupedeck DE<\/title>\n<meta name=\"robots\" content=\"index, follow, max-snippet:-1, max-image-preview:large, max-video-preview:-1\" \/>\n<link rel=\"canonical\" href=\"https:\/\/loupedeck.com\/de\/contact-us\/\" \/>\n<meta property=\"og:locale\" content=\"de_DE\" \/>\n<meta property=\"og:type\" content=\"article\" \/>\n<meta property=\"og:title\" content=\"Kontakt - Loupedeck DE\" \/>\n<meta property=\"og:url\" content=\"https:\/\/loupedeck.com\/de\/contact-us\/\" \/>\n<meta property=\"og:site_name\" content=\"Loupedeck DE\" \/>\n<meta property=\"article:modified_time\" content=\"2021-08-16T08:09:59+00:00\" \/>\n<meta name=\"twitter:card\" content=\"summary_large_image\" \/>\n<script type=\"application\/ld+json\" class=\"yoast-schema-graph\">{\"@context\":\"https:\/\/schema.org\",\"@graph\":[{\"@type\":\"WebPage\",\"@id\":\"https:\/\/loupedeck.com\/de\/contact-us\/\",\"url\":\"https:\/\/loupedeck.com\/de\/contact-us\/\",\"name\":\"Kontakt - Loupedeck DE\",\"isPartOf\":{\"@id\":\"https:\/\/loupedeck.com\/de\/#website\"},\"datePublished\":\"2021-05-10T11:10:51+00:00\",\"dateModified\":\"2021-08-16T08:09:59+00:00\",\"breadcrumb\":{\"@id\":\"https:\/\/loupedeck.com\/de\/contact-us\/#breadcrumb\"},\"inLanguage\":\"de\",\"potentialAction\":[{\"@type\":\"ReadAction\",\"target\":[\"https:\/\/loupedeck.com\/de\/contact-us\/\"]}]},{\"@type\":\"BreadcrumbList\",\"@id\":\"https:\/\/loupedeck.com\/de\/contact-us\/#breadcrumb\",\"itemListElement\":[{\"@type\":\"ListItem\",\"position\":1,\"name\":\"Etusivu\",\"item\":\"https:\/\/loupedeck.com\/de\/\"},{\"@type\":\"ListItem\",\"position\":2,\"name\":\"Kontakt\"}]},{\"@type\":\"WebSite\",\"@id\":\"https:\/\/loupedeck.com\/de\/#website\",\"url\":\"https:\/\/loupedeck.com\/de\/\",\"name\":\"Loupedeck DE\",\"description\":\"Loupedeck Online Store\",\"publisher\":{\"@id\":\"https:\/\/loupedeck.com\/de\/#organization\"},\"potentialAction\":[{\"@type\":\"SearchAction\",\"target\":{\"@type\":\"EntryPoint\",\"urlTemplate\":\"https:\/\/loupedeck.com\/de\/?s={search_term_string}\"},\"query-input\":{\"@type\":\"PropertyValueSpecification\",\"valueRequired\":true,\"valueName\":\"search_term_string\"}}],\"inLanguage\":\"de\"},{\"@type\":\"Organization\",\"@id\":\"https:\/\/loupedeck.com\/de\/#organization\",\"name\":\"Loupedeck DE\",\"url\":\"https:\/\/loupedeck.com\/de\/\",\"logo\":{\"@type\":\"ImageObject\",\"inLanguage\":\"de\",\"@id\":\"https:\/\/loupedeck.com\/de\/#\/schema\/logo\/image\/\",\"url\":\"https:\/\/loupedeck.com\/de\/wp-content\/uploads\/sites\/18\/2021\/04\/loupedeck-logo-black.svg\",\"contentUrl\":\"https:\/\/loupedeck.com\/de\/wp-content\/uploads\/sites\/18\/2021\/04\/loupedeck-logo-black.svg\",\"width\":200,\"height\":31,\"caption\":\"Loupedeck DE\"},\"image\":{\"@id\":\"https:\/\/loupedeck.com\/de\/#\/schema\/logo\/image\/\"}}]}<\/script>\n<!-- \/ Yoast SEO plugin. -->","yoast_head_json":{"title":"Kontakt - Loupedeck DE","robots":{"index":"index","follow":"follow","max-snippet":"max-snippet:-1","max-image-preview":"max-image-preview:large","max-video-preview":"max-video-preview:-1"},"canonical":"https:\/\/loupedeck.com\/de\/contact-us\/","og_locale":"de_DE","og_type":"article","og_title":"Kontakt - Loupedeck DE","og_url":"https:\/\/loupedeck.com\/de\/contact-us\/","og_site_name":"Loupedeck DE","article_modified_time":"2021-08-16T08:09:59+00:00","twitter_card":"summary_large_image","schema":{"@context":"https:\/\/schema.org","@graph":[{"@type":"WebPage","@id":"https:\/\/loupedeck.com\/de\/contact-us\/","url":"https:\/\/loupedeck.com\/de\/contact-us\/","name":"Kontakt - Loupedeck DE","isPartOf":{"@id":"https:\/\/loupedeck.com\/de\/#website"},"datePublished":"2021-05-10T11:10:51+00:00","dateModified":"2021-08-16T08:09:59+00:00","breadcrumb":{"@id":"https:\/\/loupedeck.com\/de\/contact-us\/#breadcrumb"},"inLanguage":"de","potentialAction":[{"@type":"ReadAction","target":["https:\/\/loupedeck.com\/de\/contact-us\/"]}]},{"@type":"BreadcrumbList","@id":"https:\/\/loupedeck.com\/de\/contact-us\/#breadcrumb","itemListElement":[{"@type":"ListItem","position":1,"name":"Etusivu","item":"https:\/\/loupedeck.com\/de\/"},{"@type":"ListItem","position":2,"name":"Kontakt"}]},{"@type":"WebSite","@id":"https:\/\/loupedeck.com\/de\/#website","url":"https:\/\/loupedeck.com\/de\/","name":"Loupedeck DE","description":"Loupedeck Online Store","publisher":{"@id":"https:\/\/loupedeck.com\/de\/#organization"},"potentialAction":[{"@type":"SearchAction","target":{"@type":"EntryPoint","urlTemplate":"https:\/\/loupedeck.com\/de\/?s={search_term_string}"},"query-input":{"@type":"PropertyValueSpecification","valueRequired":true,"valueName":"search_term_string"}}],"inLanguage":"de"},{"@type":"Organization","@id":"https:\/\/loupedeck.com\/de\/#organization","name":"Loupedeck DE","url":"https:\/\/loupedeck.com\/de\/","logo":{"@type":"ImageObject","inLanguage":"de","@id":"https:\/\/loupedeck.com\/de\/#\/schema\/logo\/image\/","url":"https:\/\/loupedeck.com\/de\/wp-content\/uploads\/sites\/18\/2021\/04\/loupedeck-logo-black.svg","contentUrl":"https:\/\/loupedeck.com\/de\/wp-content\/uploads\/sites\/18\/2021\/04\/loupedeck-logo-black.svg","width":200,"height":31,"caption":"Loupedeck DE"},"image":{"@id":"https:\/\/loupedeck.com\/de\/#\/schema\/logo\/image\/"}}]}},"_links":{"self":[{"href":"https:\/\/loupedeck.com\/de\/wp-json\/wp\/v2\/pages\/4135","targetHints":{"allow":["GET"]}}],"collection":[{"href":"https:\/\/loupedeck.com\/de\/wp-json\/wp\/v2\/pages"}],"about":[{"href":"https:\/\/loupedeck.com\/de\/wp-json\/wp\/v2\/types\/page"}],"author":[{"embeddable":true,"href":"https:\/\/loupedeck.com\/de\/wp-json\/wp\/v2\/users\/1"}],"replies":[{"embeddable":true,"href":"https:\/\/loupedeck.com\/de\/wp-json\/wp\/v2\/comments?post=4135"}],"version-history":[{"count":7,"href":"https:\/\/loupedeck.com\/de\/wp-json\/wp\/v2\/pages\/4135\/revisions"}],"predecessor-version":[{"id":4292,"href":"https:\/\/loupedeck.com\/de\/wp-json\/wp\/v2\/pages\/4135\/revisions\/4292"}],"wp:attachment":[{"href":"https:\/\/loupedeck.com\/de\/wp-json\/wp\/v2\/media?parent=4135"}],"curies":[{"name":"wp","href":"https:\/\/api.w.org\/{rel}","templated":true}]}}