{"id":4130,"date":"2021-04-20T16:28:02","date_gmt":"2021-04-20T13:28:02","guid":{"rendered":"https:\/\/loupedeck.com\/de\/?page_id=4130"},"modified":"2022-12-21T10:21:53","modified_gmt":"2022-12-21T08:21:53","slug":"downloads","status":"publish","type":"page","link":"https:\/\/loupedeck.com\/de\/downloads\/","title":{"rendered":"Erste Schritte"},"content":{"rendered":"<div class=\"block custom-block block-content-lift bg-white h-level-2 \">\n    <div class=\"container\">\n        <div class=\"row justify-content-center content-row\">\n            <div class=\"col-12 col-md-10 content-col entry-content\">\n                                    <h2>Bereit, mit deinem Loupedeck Gro\u00dfes zu erschaffen?<\/h2>\n                                    <p class=\"is-style-ingress\">Lade die aktuelle Loupedeck-Software herunter. <\/p>\n                                    <p>Die Software unterst\u00fctzt alle Loupedeck-Konsolen und ist mit macOS und Windows 10 kompatibel. Scrolle nach unten, um mehr \u00fcber die Features der Version 5.0 und neuer zu erfahren.<\/p>\n                            <\/div>\n        <\/div>\n    <\/div>\n<\/div>\n\n\n<div class=\"block custom-block bg-white block-download-links\">\n    <div class=\"container\">\n                <div class=\"row links\">\n                            <div class=\"col-12 col-md-6 col-xl-4 offset-xl-2 link-box\">\n                    <div class=\"col-wrap\">\n                        <img decoding=\"async\" src=\"https:\/\/loupedeck.com\/de\/wp-content\/uploads\/2021\/05\/apple.svg\" width=\"64\" height=\"76\" class=\"os-logo\" alt=\"\">                        <div class=\"col-content\">\n                            <a href=\"https:\/\/support.loupedeck.com\/hubfs\/Knowledge%20Base\/LD%20Software%20Downloads\/6.2.4\/LoupedeckInstaller_6.2.4.228.dmg\" target=\"_blank\" rel=\"noopener\" class=\"download-link\" >Software 6.2.4 macOS<\/a>                                                            <div class=\"tooltip-single\">\n                                    <p>&nbsp;<\/p>\n<ul>\n<li>Softwareversion 6.2.4 f\u00fcr macOS<\/li>\n<li>OS X 10.15 oder neuere Version erforderlich<\/li>\n<li><strong>Unterst\u00fctzt<\/strong>: Loupedeck CT \/ Loupedeck Live \/ Loupedeck Live S \/ Loupedeck+ \/<\/li>\n<\/ul>\n<p><a class=\"button\" href=\"https:\/\/support.loupedeck.com\/hubfs\/Knowledge%20Base\/LD%20Software%20Downloads\/6.2.4\/LoupedeckInstaller_6.2.4.228.dmg\" target=\"_blank\" rel=\"noopener\">Herunterladen<\/a><\/p>\n<p><a class=\"button\" href=\"https:\/\/5145542.fs1.hubspotusercontent-na1.net\/hubfs\/5145542\/Knowledge%20Base\/LD%20Software%20Downloads\/5.9.1\/LoupedeckInstaller_5.9.1.19365.dmg\" target=\"_blank\" rel=\"noopener\">Herunterladen 5.9.1<\/a><\/p>\n                                <\/div>\n                                                    <\/div>\n                    <\/div>\n                <\/div>\n                                <div class=\"col-12 col-md-6 col-xl-4  link-box\">\n                    <div class=\"col-wrap\">\n                        <img decoding=\"async\" src=\"https:\/\/loupedeck.com\/de\/wp-content\/uploads\/2021\/05\/windows.svg\" width=\"64\" height=\"64\" class=\"os-logo\" alt=\"\">                        <div class=\"col-content\">\n                            <a href=\"https:\/\/support.loupedeck.com\/hubfs\/Knowledge%20Base\/LD%20Software%20Downloads\/6.2.4\/LoupedeckInstaller_6.2.4.228.exe\" target=\"_blank\" rel=\"noopener\" class=\"download-link\" >Software 6.2.4 Windows<\/a>                                                            <div class=\"tooltip-single\">\n                                    <p>&nbsp;<\/p>\n<ul>\n<li>Softwareversion 6.2.4 f\u00fcr Windows<\/li>\n<li>OS X 10.15 oder neuere Version erforderlich<\/li>\n<li><strong>Unterst\u00fctzt<\/strong>: Loupedeck CT \/ Loupedeck Live \/ Loupedeck Live S \/ Loupedeck+ \/<\/li>\n<\/ul>\n<p><a class=\"button\" href=\"https:\/\/support.loupedeck.com\/hubfs\/Knowledge%20Base\/LD%20Software%20Downloads\/6.2.4\/LoupedeckInstaller_6.2.4.228.exe\" target=\"_blank\" rel=\"noopener\">Herunterladen<\/a><\/p>\n<p><a class=\"button\" href=\"https:\/\/5145542.fs1.hubspotusercontent-na1.net\/hubfs\/5145542\/Knowledge%20Base\/LD%20Software%20Downloads\/5.9.1\/LoupedeckInstaller_5.9.1.19364.exe\" target=\"_blank\" rel=\"noopener\">Herunterladen 5.9.1<\/a><\/p>\n                                <\/div>\n                                                    <\/div>\n                    <\/div>\n                <\/div>\n                <div class=\"col-xl-8 offset-xl-2 tooltip\"><p><strong>WICHTIGE HINWEISE:<\/strong><\/p>\n<ul>\n<li>Die Loupedeck Original Konsole ist nur mit Software-Versionen <strong>5.1<\/strong> und fr\u00fcher kompatibel.<\/li>\n<li><a href=\"https:\/\/support.loupedeck.com\/loupedeck-software-download\" target=\"_blank\" rel=\"noopener\">Fr\u00fchere Loupedeck-Software-Versionen k\u00f6nnen hier gefunden werden.<\/a><\/li>\n<li><a href=\"https:\/\/support.loupedeck.com\/announcements#release-notes\" target=\"_blank\" rel=\"noopener\">Sehen Sie sich die neuesten Loupedeck-Software-Release-Notes an.<\/a><\/li>\n<li><a href=\"https:\/\/support.loupedeck.com\/loupedeck-software-download\" target=\"_blank\" rel=\"noopener\">Erfahren Sie hier, wie Sie mit \u00e4lteren OS- und Windows-Versionen beginnen k\u00f6nnen.<\/a><\/li>\n<\/ul>\n<\/div>        <\/div>\n            <\/div>\n<\/div>\n\n\n<div class=\"block custom-block block-content-lift bg-white h-level-2 \" id=New-Loupedeck-Software>\n    <div class=\"container\">\n        <div class=\"row justify-content-center content-row\">\n            <div class=\"col-12 col-md-10 content-col entry-content\">\n                                    <h2>Ein \u00dcberblick: Das ist die Loupedeck-Software 5<\/h2>\n                                    <p>Die Loupedeck-Software 5 liefert unter anderem eine runderneuerte Benutzeroberfl\u00e4che und vereinfachte Profile, die das Streamen mit Loupedeck Live und Loupedeck CT erleichtern. <\/p>\n                            <\/div>\n        <\/div>\n    <\/div>\n<\/div>\n\n\n<div id=\"ibc-69d0cc25571a1\" class=\"block custom-block bg-white block-image-beside-content image-on-left\">\n    <div class=\"container\">\n        <div class=\"row align-items-center justify-content-between\">\n           \n            <div class=\"col-lg-6 img-col order-1\">\n                <div class=\"img-wrap\">\n                    <img decoding=\"async\" src=\"https:\/\/loupedeck.com\/de\/wp-content\/uploads\/sites\/18\/2021\/10\/Loupedeck-DE-Menu.png\" width=\"728\" height=\"728\" alt=\"\">                <\/div>\n            <\/div>\n            \n            <div class=\"col-lg-6 col-xl-5 text-col order-2\">\n                <div class=\"text-wrap\">\n                    <h2>Finde schneller, wonach du suchst<\/h2><p>Die \u00fcberarbeitete Benutzeroberfl\u00e4che bietet dir dank schlanker Dropdown-Men\u00fcs schnellen und intuitiven Zugriff auf deine Profile und Workspaces.<\/p>\n                <\/div>\n            <\/div>\n            \n        <\/div>\n    <\/div>\n<\/div>\n\n\n\n<div id=\"ibc-69d0cc2557bae\" class=\"block custom-block bg-white block-image-beside-content image-on-right\">\n    <div class=\"container\">\n        <div class=\"row align-items-center justify-content-between\">\n           \n            <div class=\"col-lg-6 img-col order-1 order-lg-3\">\n                <div class=\"img-wrap\">\n                    <img decoding=\"async\" src=\"https:\/\/loupedeck.com\/de\/wp-content\/uploads\/sites\/18\/2021\/10\/Loupedeck-drag-drop-De.png\" width=\"728\" height=\"728\" alt=\"\">                <\/div>\n            <\/div>\n            \n            <div class=\"col-lg-6 col-xl-5 text-col order-2\">\n                <div class=\"text-wrap\">\n                    <h2>So einfach wie Drag &#038; Drop<\/h2><p>Es war nie leichter, das Loupedeck deinen W\u00fcnschen anzupassen. Aktion ausw\u00e4hlen, auf ein beliebiges Touch-Feld ziehen, fertig.<\/p>\n                <\/div>\n            <\/div>\n            \n        <\/div>\n    <\/div>\n<\/div>\n\n\n\n<div id=\"ibc-69d0cc2558355\" class=\"block custom-block bg-white block-image-beside-content image-on-left\">\n    <div class=\"container\">\n        <div class=\"row align-items-center justify-content-between\">\n           \n            <div class=\"col-lg-6 img-col order-1\">\n                <div class=\"img-wrap\">\n                    <img decoding=\"async\" src=\"https:\/\/loupedeck.com\/de\/wp-content\/uploads\/sites\/18\/2021\/10\/Loupedeck-DE-create-actions.png\" width=\"728\" height=\"728\" alt=\"\">                <\/div>\n            <\/div>\n            \n            <div class=\"col-lg-6 col-xl-5 text-col order-2\">\n                <div class=\"text-wrap\">\n                    <h2>F\u00fcr machtvolle Makros und au\u00dfergew\u00f6hnliche Aktionen<\/h2><p>Schneller ans Ziel: Mit Software 5 erstellst du ganz einfach clevere Makros. Und die helfen dir, ganz einfach effektiver zu arbeiten. So geht Win-Win. <\/p>\n                <\/div>\n            <\/div>\n            \n        <\/div>\n    <\/div>\n<\/div>\n\n","protected":false},"excerpt":{"rendered":"","protected":false},"author":1,"featured_media":0,"parent":0,"menu_order":0,"comment_status":"closed","ping_status":"closed","template":"","meta":{"_acf_changed":false,"footnotes":""},"class_list":["post-4130","page","type-page","status-publish","hentry"],"acf":[],"yoast_head":"<!-- This site is optimized with the Yoast SEO plugin v27.1.1 - https:\/\/yoast.com\/product\/yoast-seo-wordpress\/ -->\n<title>Erste Schritte - Loupedeck DE<\/title>\n<meta name=\"robots\" content=\"index, follow, max-snippet:-1, max-image-preview:large, max-video-preview:-1\" \/>\n<link rel=\"canonical\" href=\"https:\/\/loupedeck.com\/de\/downloads\/\" \/>\n<meta property=\"og:locale\" content=\"de_DE\" \/>\n<meta property=\"og:type\" content=\"article\" \/>\n<meta property=\"og:title\" content=\"Erste Schritte - Loupedeck DE\" \/>\n<meta property=\"og:url\" content=\"https:\/\/loupedeck.com\/de\/downloads\/\" \/>\n<meta property=\"og:site_name\" content=\"Loupedeck DE\" \/>\n<meta property=\"article:modified_time\" content=\"2022-12-21T08:21:53+00:00\" \/>\n<meta name=\"twitter:card\" content=\"summary_large_image\" \/>\n<script type=\"application\/ld+json\" class=\"yoast-schema-graph\">{\"@context\":\"https:\/\/schema.org\",\"@graph\":[{\"@type\":\"WebPage\",\"@id\":\"https:\/\/loupedeck.com\/de\/downloads\/\",\"url\":\"https:\/\/loupedeck.com\/de\/downloads\/\",\"name\":\"Erste Schritte - Loupedeck DE\",\"isPartOf\":{\"@id\":\"https:\/\/loupedeck.com\/de\/#website\"},\"datePublished\":\"2021-04-20T13:28:02+00:00\",\"dateModified\":\"2022-12-21T08:21:53+00:00\",\"breadcrumb\":{\"@id\":\"https:\/\/loupedeck.com\/de\/downloads\/#breadcrumb\"},\"inLanguage\":\"de\",\"potentialAction\":[{\"@type\":\"ReadAction\",\"target\":[\"https:\/\/loupedeck.com\/de\/downloads\/\"]}]},{\"@type\":\"BreadcrumbList\",\"@id\":\"https:\/\/loupedeck.com\/de\/downloads\/#breadcrumb\",\"itemListElement\":[{\"@type\":\"ListItem\",\"position\":1,\"name\":\"Etusivu\",\"item\":\"https:\/\/loupedeck.com\/de\/\"},{\"@type\":\"ListItem\",\"position\":2,\"name\":\"Erste Schritte\"}]},{\"@type\":\"WebSite\",\"@id\":\"https:\/\/loupedeck.com\/de\/#website\",\"url\":\"https:\/\/loupedeck.com\/de\/\",\"name\":\"Loupedeck DE\",\"description\":\"Loupedeck Online Store\",\"publisher\":{\"@id\":\"https:\/\/loupedeck.com\/de\/#organization\"},\"potentialAction\":[{\"@type\":\"SearchAction\",\"target\":{\"@type\":\"EntryPoint\",\"urlTemplate\":\"https:\/\/loupedeck.com\/de\/?s={search_term_string}\"},\"query-input\":{\"@type\":\"PropertyValueSpecification\",\"valueRequired\":true,\"valueName\":\"search_term_string\"}}],\"inLanguage\":\"de\"},{\"@type\":\"Organization\",\"@id\":\"https:\/\/loupedeck.com\/de\/#organization\",\"name\":\"Loupedeck DE\",\"url\":\"https:\/\/loupedeck.com\/de\/\",\"logo\":{\"@type\":\"ImageObject\",\"inLanguage\":\"de\",\"@id\":\"https:\/\/loupedeck.com\/de\/#\/schema\/logo\/image\/\",\"url\":\"https:\/\/loupedeck.com\/de\/wp-content\/uploads\/sites\/18\/2021\/04\/loupedeck-logo-black.svg\",\"contentUrl\":\"https:\/\/loupedeck.com\/de\/wp-content\/uploads\/sites\/18\/2021\/04\/loupedeck-logo-black.svg\",\"width\":200,\"height\":31,\"caption\":\"Loupedeck DE\"},\"image\":{\"@id\":\"https:\/\/loupedeck.com\/de\/#\/schema\/logo\/image\/\"}}]}<\/script>\n<!-- \/ Yoast SEO plugin. -->","yoast_head_json":{"title":"Erste Schritte - Loupedeck DE","robots":{"index":"index","follow":"follow","max-snippet":"max-snippet:-1","max-image-preview":"max-image-preview:large","max-video-preview":"max-video-preview:-1"},"canonical":"https:\/\/loupedeck.com\/de\/downloads\/","og_locale":"de_DE","og_type":"article","og_title":"Erste Schritte - Loupedeck DE","og_url":"https:\/\/loupedeck.com\/de\/downloads\/","og_site_name":"Loupedeck DE","article_modified_time":"2022-12-21T08:21:53+00:00","twitter_card":"summary_large_image","schema":{"@context":"https:\/\/schema.org","@graph":[{"@type":"WebPage","@id":"https:\/\/loupedeck.com\/de\/downloads\/","url":"https:\/\/loupedeck.com\/de\/downloads\/","name":"Erste Schritte - Loupedeck DE","isPartOf":{"@id":"https:\/\/loupedeck.com\/de\/#website"},"datePublished":"2021-04-20T13:28:02+00:00","dateModified":"2022-12-21T08:21:53+00:00","breadcrumb":{"@id":"https:\/\/loupedeck.com\/de\/downloads\/#breadcrumb"},"inLanguage":"de","potentialAction":[{"@type":"ReadAction","target":["https:\/\/loupedeck.com\/de\/downloads\/"]}]},{"@type":"BreadcrumbList","@id":"https:\/\/loupedeck.com\/de\/downloads\/#breadcrumb","itemListElement":[{"@type":"ListItem","position":1,"name":"Etusivu","item":"https:\/\/loupedeck.com\/de\/"},{"@type":"ListItem","position":2,"name":"Erste Schritte"}]},{"@type":"WebSite","@id":"https:\/\/loupedeck.com\/de\/#website","url":"https:\/\/loupedeck.com\/de\/","name":"Loupedeck DE","description":"Loupedeck Online Store","publisher":{"@id":"https:\/\/loupedeck.com\/de\/#organization"},"potentialAction":[{"@type":"SearchAction","target":{"@type":"EntryPoint","urlTemplate":"https:\/\/loupedeck.com\/de\/?s={search_term_string}"},"query-input":{"@type":"PropertyValueSpecification","valueRequired":true,"valueName":"search_term_string"}}],"inLanguage":"de"},{"@type":"Organization","@id":"https:\/\/loupedeck.com\/de\/#organization","name":"Loupedeck DE","url":"https:\/\/loupedeck.com\/de\/","logo":{"@type":"ImageObject","inLanguage":"de","@id":"https:\/\/loupedeck.com\/de\/#\/schema\/logo\/image\/","url":"https:\/\/loupedeck.com\/de\/wp-content\/uploads\/sites\/18\/2021\/04\/loupedeck-logo-black.svg","contentUrl":"https:\/\/loupedeck.com\/de\/wp-content\/uploads\/sites\/18\/2021\/04\/loupedeck-logo-black.svg","width":200,"height":31,"caption":"Loupedeck DE"},"image":{"@id":"https:\/\/loupedeck.com\/de\/#\/schema\/logo\/image\/"}}]}},"_links":{"self":[{"href":"https:\/\/loupedeck.com\/de\/wp-json\/wp\/v2\/pages\/4130","targetHints":{"allow":["GET"]}}],"collection":[{"href":"https:\/\/loupedeck.com\/de\/wp-json\/wp\/v2\/pages"}],"about":[{"href":"https:\/\/loupedeck.com\/de\/wp-json\/wp\/v2\/types\/page"}],"author":[{"embeddable":true,"href":"https:\/\/loupedeck.com\/de\/wp-json\/wp\/v2\/users\/1"}],"replies":[{"embeddable":true,"href":"https:\/\/loupedeck.com\/de\/wp-json\/wp\/v2\/comments?post=4130"}],"version-history":[{"count":15,"href":"https:\/\/loupedeck.com\/de\/wp-json\/wp\/v2\/pages\/4130\/revisions"}],"predecessor-version":[{"id":4956,"href":"https:\/\/loupedeck.com\/de\/wp-json\/wp\/v2\/pages\/4130\/revisions\/4956"}],"wp:attachment":[{"href":"https:\/\/loupedeck.com\/de\/wp-json\/wp\/v2\/media?parent=4130"}],"curies":[{"name":"wp","href":"https:\/\/api.w.org\/{rel}","templated":true}]}}